{"id":9407,"date":"2023-12-09T13:50:45","date_gmt":"2023-12-09T13:50:45","guid":{"rendered":"https:\/\/romancebaby.it\/?product=mussola-arcobaleni"},"modified":"2026-03-11T16:17:48","modified_gmt":"2026-03-11T16:17:48","slug":"mussola-arcobaleni","status":"publish","type":"product","link":"https:\/\/romancebaby.it\/?product=mussola-arcobaleni","title":{"rendered":"Mussola arcobaleni"},"content":{"rendered":"<p>Caratteristiche: Il \u2018\u2019telo salva mamma\u2019\u2019 \u00e8 amato perch\u00e9 preserva la pelle delicata e sensibile del bambino. Il tessuto, traspirante e assorbente, diventa pi\u00f9 morbido ad ogni lavaggio.<\/p>\n<p>Pu\u00f3 essere utilizzato per proteggiere la mamma durante l\u2019allattamento, come base d\u2019appoggio per il cambio pannolino, come proteggi spalla in caso di rigurgito, oppure come asciugamano o copertina leggera, e per proteggere il bambino dallo sfregamento se appoggiato ai seggiolino auto o passeggini.<\/p>\n<p>Made in Italy, with love.<\/p>\n<p>Misura: 90 cm x 60 cm circa.<\/p>\n<p>Composizione: Mussola 100% cotone organico certificato Oeko-Tex Standard 100 Classe.<\/p>\n<p>Istruzioni di lavaggio:<\/p>\n<p>&#8211; Lavaggio a 30 gradi.<\/p>\n<p>&#8211; Non candeggiare il capo<\/p>\n<p>&#8211; E sconsigliato l\u2019uso dell\u2019asciugatrice<\/p>\n<p>&#8211; Stirare al rovescio a Max 110 gradi<\/p>\n","protected":false},"excerpt":{"rendered":"<p>Caratteristiche: Il \u2018\u2019telo salva mamma\u2019\u2019 \u00e8 amato perch\u00e9 preserva la pelle delicata e sensibile del bambino. Il tessuto, traspirante e assorbente, diventa pi\u00f9 morbido ad ogni lavaggio. Pu\u00f3 essere utilizzato per proteggiere la mamma durante l\u2019allattamento, come base d\u2019appoggio per il cambio pannolino, come proteggi spalla in caso di rigurgito, oppure come asciugamano o copertina leggera, e per proteggere il bambino dallo sfregamento se appoggiato ai seggiolino auto o passeggini. Made in Italy, with love. Misura: 90 cm x 60 cm circa. Composizione: Mussola 100% cotone organico certificato Oeko-Tex Standard 100 Classe. Istruzioni di lavaggio: &#8211; Lavaggio a 30 gradi. &#8211; Non candeggiare il capo &#8211; E sconsigliato l\u2019uso dell\u2019asciugatrice &#8211; Stirare al rovescio a Max 110 gradi<\/p>\n","protected":false},"featured_media":17147,"comment_status":"open","ping_status":"closed","template":"","meta":{"site-sidebar-layout":"default","site-content-layout":"","ast-site-content-layout":"default","site-content-style":"default","site-sidebar-style":"default","ast-global-header-display":"","ast-banner-title-visibility":"","ast-main-header-display":"","ast-hfb-above-header-display":"","ast-hfb-below-header-display":"","ast-hfb-mobile-header-display":"","site-post-title":"","ast-breadcrumbs-content":"","ast-featured-img":"","footer-sml-layout":"","theme-transparent-header-meta":"default","adv-header-id-meta":"","stick-header-meta":"","header-above-stick-meta":"","header-main-stick-meta":"","header-below-stick-meta":"","astra-migrate-meta-layouts":"set","ast-page-background-enabled":"default","ast-page-background-meta":{"desktop":{"background-color":"","background-image":"","background-repeat":"repeat","background-position":"center center","background-size":"auto","background-attachment":"scroll","background-type":"","background-media":"","overlay-type":"","overlay-color":"","overlay-opacity":"","overlay-gradient":""},"tablet":{"background-color":"","background-image":"","background-repeat":"repeat","background-position":"center center","background-size":"auto","background-attachment":"scroll","background-type":"","background-media":"","overlay-type":"","overlay-color":"","overlay-opacity":"","overlay-gradient":""},"mobile":{"background-color":"","background-image":"","background-repeat":"repeat","background-position":"center center","background-size":"auto","background-attachment":"scroll","background-type":"","background-media":"","overlay-type":"","overlay-color":"","overlay-opacity":"","overlay-gradient":""}},"ast-content-background-meta":{"desktop":{"background-color":"var(--ast-global-color-5)","background-image":"","background-repeat":"repeat","background-position":"center center","background-size":"auto","background-attachment":"scroll","background-type":"","background-media":"","overlay-type":"","overlay-color":"","overlay-opacity":"","overlay-gradient":""},"tablet":{"background-color":"var(--ast-global-color-5)","background-image":"","background-repeat":"repeat","background-position":"center center","background-size":"auto","background-attachment":"scroll","background-type":"","background-media":"","overlay-type":"","overlay-color":"","overlay-opacity":"","overlay-gradient":""},"mobile":{"background-color":"var(--ast-global-color-5)","background-image":"","background-repeat":"repeat","background-position":"center center","background-size":"auto","background-attachment":"scroll","background-type":"","background-media":"","overlay-type":"","overlay-color":"","overlay-opacity":"","overlay-gradient":""}}},"product_brand":[],"product_cat":[39],"product_tag":[],"class_list":{"0":"post-9407","1":"product","2":"type-product","3":"status-publish","4":"has-post-thumbnail","6":"product_cat-accessori","7":"desktop-align-left","8":"tablet-align-left","9":"mobile-align-left","11":"first","12":"outofstock","13":"shipping-taxable","14":"purchasable","15":"product-type-simple"},"yoast_head":"<!-- This site is optimized with the Yoast SEO plugin v27.4 - https:\/\/yoast.com\/product\/yoast-seo-wordpress\/ -->\n<title>Mussola arcobaleni - Romance baby<\/title>\n<meta name=\"robots\" content=\"index, follow, max-snippet:-1, max-image-preview:large, max-video-preview:-1\" \/>\n<link rel=\"canonical\" href=\"https:\/\/romancebaby.it\/?product=mussola-arcobaleni\" \/>\n<meta property=\"og:locale\" content=\"it_IT\" \/>\n<meta property=\"og:type\" content=\"article\" \/>\n<meta property=\"og:title\" content=\"Mussola arcobaleni - Romance baby\" \/>\n<meta property=\"og:description\" content=\"Caratteristiche: Il \u2018\u2019telo salva mamma\u2019\u2019 \u00e8 amato perch\u00e9 preserva la pelle delicata e sensibile del bambino. Il tessuto, traspirante e assorbente, diventa pi\u00f9 morbido ad ogni lavaggio. Pu\u00f3 essere utilizzato per proteggiere la mamma durante l\u2019allattamento, come base d\u2019appoggio per il cambio pannolino, come proteggi spalla in caso di rigurgito, oppure come asciugamano o copertina leggera, e per proteggere il bambino dallo sfregamento se appoggiato ai seggiolino auto o passeggini. Made in Italy, with love. Misura: 90 cm x 60 cm circa. Composizione: Mussola 100% cotone organico certificato Oeko-Tex Standard 100 Classe. Istruzioni di lavaggio: &#8211; Lavaggio a 30 gradi. &#8211; Non candeggiare il capo &#8211; E sconsigliato l\u2019uso dell\u2019asciugatrice &#8211; Stirare al rovescio a Max 110 gradi\" \/>\n<meta property=\"og:url\" content=\"https:\/\/romancebaby.it\/?product=mussola-arcobaleni\" \/>\n<meta property=\"og:site_name\" content=\"Romance baby\" \/>\n<meta property=\"article:publisher\" content=\"https:\/\/www.facebook.com\/Romance-Baby-990207234462740\" \/>\n<meta property=\"article:modified_time\" content=\"2026-03-11T16:17:48+00:00\" \/>\n<meta property=\"og:image\" content=\"https:\/\/romancebaby.it\/wp-content\/uploads\/2023\/12\/img_3467.jpeg\" \/>\n\t<meta property=\"og:image:width\" content=\"1290\" \/>\n\t<meta property=\"og:image:height\" content=\"1295\" \/>\n\t<meta property=\"og:image:type\" content=\"image\/jpeg\" \/>\n<meta name=\"twitter:card\" content=\"summary_large_image\" \/>\n<meta name=\"twitter:label1\" content=\"Tempo di lettura stimato\" \/>\n\t<meta name=\"twitter:data1\" content=\"1 minuto\" \/>\n<script type=\"application\/ld+json\" class=\"yoast-schema-graph\">{\"@context\":\"https:\\\/\\\/schema.org\",\"@graph\":[{\"@type\":\"WebPage\",\"@id\":\"https:\\\/\\\/romancebaby.it\\\/?product=mussola-arcobaleni\",\"url\":\"https:\\\/\\\/romancebaby.it\\\/?product=mussola-arcobaleni\",\"name\":\"Mussola arcobaleni - Romance baby\",\"isPartOf\":{\"@id\":\"https:\\\/\\\/romancebaby.it\\\/#website\"},\"primaryImageOfPage\":{\"@id\":\"https:\\\/\\\/romancebaby.it\\\/?product=mussola-arcobaleni#primaryimage\"},\"image\":{\"@id\":\"https:\\\/\\\/romancebaby.it\\\/?product=mussola-arcobaleni#primaryimage\"},\"thumbnailUrl\":\"https:\\\/\\\/romancebaby.it\\\/wp-content\\\/uploads\\\/2023\\\/12\\\/img_0384.jpeg\",\"datePublished\":\"2023-12-09T13:50:45+00:00\",\"dateModified\":\"2026-03-11T16:17:48+00:00\",\"breadcrumb\":{\"@id\":\"https:\\\/\\\/romancebaby.it\\\/?product=mussola-arcobaleni#breadcrumb\"},\"inLanguage\":\"it-IT\",\"potentialAction\":[{\"@type\":\"ReadAction\",\"target\":[\"https:\\\/\\\/romancebaby.it\\\/?product=mussola-arcobaleni\"]}]},{\"@type\":\"ImageObject\",\"inLanguage\":\"it-IT\",\"@id\":\"https:\\\/\\\/romancebaby.it\\\/?product=mussola-arcobaleni#primaryimage\",\"url\":\"https:\\\/\\\/romancebaby.it\\\/wp-content\\\/uploads\\\/2023\\\/12\\\/img_0384.jpeg\",\"contentUrl\":\"https:\\\/\\\/romancebaby.it\\\/wp-content\\\/uploads\\\/2023\\\/12\\\/img_0384.jpeg\",\"width\":1318,\"height\":1345,\"caption\":\"Screenshot\"},{\"@type\":\"BreadcrumbList\",\"@id\":\"https:\\\/\\\/romancebaby.it\\\/?product=mussola-arcobaleni#breadcrumb\",\"itemListElement\":[{\"@type\":\"ListItem\",\"position\":1,\"name\":\"Home\",\"item\":\"https:\\\/\\\/romancebaby.it\\\/\"},{\"@type\":\"ListItem\",\"position\":2,\"name\":\"Shop\",\"item\":\"https:\\\/\\\/romancebaby.it\\\/?page_id=401\"},{\"@type\":\"ListItem\",\"position\":3,\"name\":\"Mussola arcobaleni\"}]},{\"@type\":\"WebSite\",\"@id\":\"https:\\\/\\\/romancebaby.it\\\/#website\",\"url\":\"https:\\\/\\\/romancebaby.it\\\/\",\"name\":\"Romance baby\",\"description\":\"Vestire con amore\",\"publisher\":{\"@id\":\"https:\\\/\\\/romancebaby.it\\\/#organization\"},\"potentialAction\":[{\"@type\":\"SearchAction\",\"target\":{\"@type\":\"EntryPoint\",\"urlTemplate\":\"https:\\\/\\\/romancebaby.it\\\/?s={search_term_string}\"},\"query-input\":{\"@type\":\"PropertyValueSpecification\",\"valueRequired\":true,\"valueName\":\"search_term_string\"}}],\"inLanguage\":\"it-IT\"},{\"@type\":\"Organization\",\"@id\":\"https:\\\/\\\/romancebaby.it\\\/#organization\",\"name\":\"romance baby\",\"url\":\"https:\\\/\\\/romancebaby.it\\\/\",\"logo\":{\"@type\":\"ImageObject\",\"inLanguage\":\"it-IT\",\"@id\":\"https:\\\/\\\/romancebaby.it\\\/#\\\/schema\\\/logo\\\/image\\\/\",\"url\":\"https:\\\/\\\/romancebaby.it\\\/wp-content\\\/uploads\\\/2022\\\/05\\\/romance-baby-1.svg\",\"contentUrl\":\"https:\\\/\\\/romancebaby.it\\\/wp-content\\\/uploads\\\/2022\\\/05\\\/romance-baby-1.svg\",\"width\":841,\"height\":595,\"caption\":\"romance baby\"},\"image\":{\"@id\":\"https:\\\/\\\/romancebaby.it\\\/#\\\/schema\\\/logo\\\/image\\\/\"},\"sameAs\":[\"https:\\\/\\\/www.facebook.com\\\/Romance-Baby-990207234462740\",\"https:\\\/\\\/www.instagram.com\\\/romancebabyquarto_\\\/\"]}]}<\/script>\n<!-- \/ Yoast SEO plugin. -->","yoast_head_json":{"title":"Mussola arcobaleni - Romance baby","robots":{"index":"index","follow":"follow","max-snippet":"max-snippet:-1","max-image-preview":"max-image-preview:large","max-video-preview":"max-video-preview:-1"},"canonical":"https:\/\/romancebaby.it\/?product=mussola-arcobaleni","og_locale":"it_IT","og_type":"article","og_title":"Mussola arcobaleni - Romance baby","og_description":"Caratteristiche: Il \u2018\u2019telo salva mamma\u2019\u2019 \u00e8 amato perch\u00e9 preserva la pelle delicata e sensibile del bambino. Il tessuto, traspirante e assorbente, diventa pi\u00f9 morbido ad ogni lavaggio. Pu\u00f3 essere utilizzato per proteggiere la mamma durante l\u2019allattamento, come base d\u2019appoggio per il cambio pannolino, come proteggi spalla in caso di rigurgito, oppure come asciugamano o copertina leggera, e per proteggere il bambino dallo sfregamento se appoggiato ai seggiolino auto o passeggini. Made in Italy, with love. Misura: 90 cm x 60 cm circa. Composizione: Mussola 100% cotone organico certificato Oeko-Tex Standard 100 Classe. Istruzioni di lavaggio: &#8211; Lavaggio a 30 gradi. &#8211; Non candeggiare il capo &#8211; E sconsigliato l\u2019uso dell\u2019asciugatrice &#8211; Stirare al rovescio a Max 110 gradi","og_url":"https:\/\/romancebaby.it\/?product=mussola-arcobaleni","og_site_name":"Romance baby","article_publisher":"https:\/\/www.facebook.com\/Romance-Baby-990207234462740","article_modified_time":"2026-03-11T16:17:48+00:00","og_image":[{"width":1290,"height":1295,"url":"https:\/\/romancebaby.it\/wp-content\/uploads\/2023\/12\/img_3467.jpeg","type":"image\/jpeg"}],"twitter_card":"summary_large_image","twitter_misc":{"Tempo di lettura stimato":"1 minuto"},"schema":{"@context":"https:\/\/schema.org","@graph":[{"@type":"WebPage","@id":"https:\/\/romancebaby.it\/?product=mussola-arcobaleni","url":"https:\/\/romancebaby.it\/?product=mussola-arcobaleni","name":"Mussola arcobaleni - Romance baby","isPartOf":{"@id":"https:\/\/romancebaby.it\/#website"},"primaryImageOfPage":{"@id":"https:\/\/romancebaby.it\/?product=mussola-arcobaleni#primaryimage"},"image":{"@id":"https:\/\/romancebaby.it\/?product=mussola-arcobaleni#primaryimage"},"thumbnailUrl":"https:\/\/romancebaby.it\/wp-content\/uploads\/2023\/12\/img_0384.jpeg","datePublished":"2023-12-09T13:50:45+00:00","dateModified":"2026-03-11T16:17:48+00:00","breadcrumb":{"@id":"https:\/\/romancebaby.it\/?product=mussola-arcobaleni#breadcrumb"},"inLanguage":"it-IT","potentialAction":[{"@type":"ReadAction","target":["https:\/\/romancebaby.it\/?product=mussola-arcobaleni"]}]},{"@type":"ImageObject","inLanguage":"it-IT","@id":"https:\/\/romancebaby.it\/?product=mussola-arcobaleni#primaryimage","url":"https:\/\/romancebaby.it\/wp-content\/uploads\/2023\/12\/img_0384.jpeg","contentUrl":"https:\/\/romancebaby.it\/wp-content\/uploads\/2023\/12\/img_0384.jpeg","width":1318,"height":1345,"caption":"Screenshot"},{"@type":"BreadcrumbList","@id":"https:\/\/romancebaby.it\/?product=mussola-arcobaleni#breadcrumb","itemListElement":[{"@type":"ListItem","position":1,"name":"Home","item":"https:\/\/romancebaby.it\/"},{"@type":"ListItem","position":2,"name":"Shop","item":"https:\/\/romancebaby.it\/?page_id=401"},{"@type":"ListItem","position":3,"name":"Mussola arcobaleni"}]},{"@type":"WebSite","@id":"https:\/\/romancebaby.it\/#website","url":"https:\/\/romancebaby.it\/","name":"Romance baby","description":"Vestire con amore","publisher":{"@id":"https:\/\/romancebaby.it\/#organization"},"potentialAction":[{"@type":"SearchAction","target":{"@type":"EntryPoint","urlTemplate":"https:\/\/romancebaby.it\/?s={search_term_string}"},"query-input":{"@type":"PropertyValueSpecification","valueRequired":true,"valueName":"search_term_string"}}],"inLanguage":"it-IT"},{"@type":"Organization","@id":"https:\/\/romancebaby.it\/#organization","name":"romance baby","url":"https:\/\/romancebaby.it\/","logo":{"@type":"ImageObject","inLanguage":"it-IT","@id":"https:\/\/romancebaby.it\/#\/schema\/logo\/image\/","url":"https:\/\/romancebaby.it\/wp-content\/uploads\/2022\/05\/romance-baby-1.svg","contentUrl":"https:\/\/romancebaby.it\/wp-content\/uploads\/2022\/05\/romance-baby-1.svg","width":841,"height":595,"caption":"romance baby"},"image":{"@id":"https:\/\/romancebaby.it\/#\/schema\/logo\/image\/"},"sameAs":["https:\/\/www.facebook.com\/Romance-Baby-990207234462740","https:\/\/www.instagram.com\/romancebabyquarto_\/"]}]}},"jetpack_sharing_enabled":true,"_links":{"self":[{"href":"https:\/\/romancebaby.it\/index.php?rest_route=\/wp\/v2\/product\/9407","targetHints":{"allow":["GET"]}}],"collection":[{"href":"https:\/\/romancebaby.it\/index.php?rest_route=\/wp\/v2\/product"}],"about":[{"href":"https:\/\/romancebaby.it\/index.php?rest_route=\/wp\/v2\/types\/product"}],"replies":[{"embeddable":true,"href":"https:\/\/romancebaby.it\/index.php?rest_route=%2Fwp%2Fv2%2Fcomments&post=9407"}],"version-history":[{"count":1,"href":"https:\/\/romancebaby.it\/index.php?rest_route=\/wp\/v2\/product\/9407\/revisions"}],"predecessor-version":[{"id":13150,"href":"https:\/\/romancebaby.it\/index.php?rest_route=\/wp\/v2\/product\/9407\/revisions\/13150"}],"wp:featuredmedia":[{"embeddable":true,"href":"https:\/\/romancebaby.it\/index.php?rest_route=\/wp\/v2\/media\/17147"}],"wp:attachment":[{"href":"https:\/\/romancebaby.it\/index.php?rest_route=%2Fwp%2Fv2%2Fmedia&parent=9407"}],"wp:term":[{"taxonomy":"product_brand","embeddable":true,"href":"https:\/\/romancebaby.it\/index.php?rest_route=%2Fwp%2Fv2%2Fproduct_brand&post=9407"},{"taxonomy":"product_cat","embeddable":true,"href":"https:\/\/romancebaby.it\/index.php?rest_route=%2Fwp%2Fv2%2Fproduct_cat&post=9407"},{"taxonomy":"product_tag","embeddable":true,"href":"https:\/\/romancebaby.it\/index.php?rest_route=%2Fwp%2Fv2%2Fproduct_tag&post=9407"}],"curies":[{"name":"wp","href":"https:\/\/api.w.org\/{rel}","templated":true}]}}